{"id":27,"date":"2025-09-11T09:27:12","date_gmt":"2025-09-11T07:27:12","guid":{"rendered":"https:\/\/unilazepil.fr\/?page_id=27"},"modified":"2025-09-13T10:29:31","modified_gmt":"2025-09-13T08:29:31","slug":"a-propos","status":"publish","type":"page","link":"https:\/\/unilazepil.fr\/?page_id=27","title":{"rendered":""},"content":{"rendered":"\n<div class=\"about-hero\">\n  <div class=\"about-inner\">\n\n    <p><strong>Chez Unilaz<\/strong>, j\u2019ai souhait\u00e9 cr\u00e9er bien plus qu\u2019un centre d\u2019\u00e9pilation laser.<\/p>\n\n    <p>Pour moi, chaque s\u00e9ance est avant tout une rencontre humaine. L\u2019\u00e9pilation laser touche \u00e0 l\u2019intimit\u00e9, et je crois profond\u00e9ment qu\u2019il est essentiel de se sentir en confiance avec la personne qui s\u2019occupe de vous.<\/p>\n\n    <p>Depuis plus de 4 ans, j\u2019accompagne mes patientes avec \u00e9coute, respect et professionnalisme. Ce qui me rend la plus fi\u00e8re, c\u2019est leur sourire et leur satisfaction apr\u00e8s chaque s\u00e9ance.<\/p>\n\n    <p>Forte de cette exp\u00e9rience, j\u2019ai d\u00e9cid\u00e9 de cr\u00e9er Unilaz : un espace pens\u00e9 pour vous offrir non seulement les meilleures technologies, mais aussi une v\u00e9ritable exp\u00e9rience humaine, bienveillante et personnalis\u00e9e.<\/p>\n\n    <p><em>\u2728 La technologie est essentielle, l\u2019humain est indispensable.<\/em><\/p>\n  <\/div>\n<\/div>\n","protected":false},"excerpt":{"rendered":"<p>Chez Unilaz, j\u2019ai souhait\u00e9 cr\u00e9er bien plus qu\u2019un centre d\u2019\u00e9pilation laser. Pour moi, chaque s\u00e9ance est avant tout une rencontre humaine. L\u2019\u00e9pilation laser touche \u00e0 l\u2019intimit\u00e9, et je crois profond\u00e9ment qu\u2019il est essentiel de se sentir en confiance avec la personne qui s\u2019occupe de vous. Depuis plus de 4 ans, j\u2019accompagne mes patientes avec \u00e9coute, [&hellip;]<\/p>\n","protected":false},"author":1,"featured_media":0,"parent":0,"menu_order":0,"comment_status":"closed","ping_status":"closed","template":"","meta":{"footnotes":""},"class_list":["post-27","page","type-page","status-publish","hentry"],"yoast_head":"<!-- This site is optimized with the Yoast SEO plugin v25.9 - https:\/\/yoast.com\/wordpress\/plugins\/seo\/ -->\n<title>- UNILAZ<\/title>\n<meta name=\"robots\" content=\"index, follow, max-snippet:-1, max-image-preview:large, max-video-preview:-1\" \/>\n<link rel=\"canonical\" href=\"https:\/\/unilazepil.fr\/?page_id=27\" \/>\n<meta property=\"og:locale\" content=\"fr_FR\" \/>\n<meta property=\"og:type\" content=\"article\" \/>\n<meta property=\"og:title\" content=\"- UNILAZ\" \/>\n<meta property=\"og:description\" content=\"Chez Unilaz, j\u2019ai souhait\u00e9 cr\u00e9er bien plus qu\u2019un centre d\u2019\u00e9pilation laser. Pour moi, chaque s\u00e9ance est avant tout une rencontre humaine. L\u2019\u00e9pilation laser touche \u00e0 l\u2019intimit\u00e9, et je crois profond\u00e9ment qu\u2019il est essentiel de se sentir en confiance avec la personne qui s\u2019occupe de vous. Depuis plus de 4 ans, j\u2019accompagne mes patientes avec \u00e9coute, [&hellip;]\" \/>\n<meta property=\"og:url\" content=\"https:\/\/unilazepil.fr\/?page_id=27\" \/>\n<meta property=\"og:site_name\" content=\"UNILAZ\" \/>\n<meta property=\"article:modified_time\" content=\"2025-09-13T08:29:31+00:00\" \/>\n<meta name=\"twitter:card\" content=\"summary_large_image\" \/>\n<meta name=\"twitter:label1\" content=\"Dur\u00e9e de lecture estim\u00e9e\" \/>\n\t<meta name=\"twitter:data1\" content=\"1 minute\" \/>\n<script type=\"application\/ld+json\" class=\"yoast-schema-graph\">{\"@context\":\"https:\/\/schema.org\",\"@graph\":[{\"@type\":\"WebPage\",\"@id\":\"https:\/\/unilazepil.fr\/?page_id=27\",\"url\":\"https:\/\/unilazepil.fr\/?page_id=27\",\"name\":\"- UNILAZ\",\"isPartOf\":{\"@id\":\"https:\/\/unilazepil.fr\/#website\"},\"datePublished\":\"2025-09-11T07:27:12+00:00\",\"dateModified\":\"2025-09-13T08:29:31+00:00\",\"inLanguage\":\"fr-FR\",\"potentialAction\":[{\"@type\":\"ReadAction\",\"target\":[\"https:\/\/unilazepil.fr\/?page_id=27\"]}]},{\"@type\":\"WebSite\",\"@id\":\"https:\/\/unilazepil.fr\/#website\",\"url\":\"https:\/\/unilazepil.fr\/\",\"name\":\"Unilaz\",\"description\":\"\",\"publisher\":{\"@id\":\"https:\/\/unilazepil.fr\/#organization\"},\"potentialAction\":[{\"@type\":\"SearchAction\",\"target\":{\"@type\":\"EntryPoint\",\"urlTemplate\":\"https:\/\/unilazepil.fr\/?s={search_term_string}\"},\"query-input\":{\"@type\":\"PropertyValueSpecification\",\"valueRequired\":true,\"valueName\":\"search_term_string\"}}],\"inLanguage\":\"fr-FR\"},{\"@type\":\"Organization\",\"@id\":\"https:\/\/unilazepil.fr\/#organization\",\"name\":\"Unilaz\",\"url\":\"https:\/\/unilazepil.fr\/\",\"logo\":{\"@type\":\"ImageObject\",\"inLanguage\":\"fr-FR\",\"@id\":\"https:\/\/unilazepil.fr\/#\/schema\/logo\/image\/\",\"url\":\"https:\/\/unilazepil.fr\/wp-content\/uploads\/2025\/09\/Image.png\",\"contentUrl\":\"https:\/\/unilazepil.fr\/wp-content\/uploads\/2025\/09\/Image.png\",\"width\":1024,\"height\":1024,\"caption\":\"Unilaz\"},\"image\":{\"@id\":\"https:\/\/unilazepil.fr\/#\/schema\/logo\/image\/\"}}]}<\/script>\n<!-- \/ Yoast SEO plugin. -->","yoast_head_json":{"title":"- UNILAZ","robots":{"index":"index","follow":"follow","max-snippet":"max-snippet:-1","max-image-preview":"max-image-preview:large","max-video-preview":"max-video-preview:-1"},"canonical":"https:\/\/unilazepil.fr\/?page_id=27","og_locale":"fr_FR","og_type":"article","og_title":"- UNILAZ","og_description":"Chez Unilaz, j\u2019ai souhait\u00e9 cr\u00e9er bien plus qu\u2019un centre d\u2019\u00e9pilation laser. Pour moi, chaque s\u00e9ance est avant tout une rencontre humaine. L\u2019\u00e9pilation laser touche \u00e0 l\u2019intimit\u00e9, et je crois profond\u00e9ment qu\u2019il est essentiel de se sentir en confiance avec la personne qui s\u2019occupe de vous. Depuis plus de 4 ans, j\u2019accompagne mes patientes avec \u00e9coute, [&hellip;]","og_url":"https:\/\/unilazepil.fr\/?page_id=27","og_site_name":"UNILAZ","article_modified_time":"2025-09-13T08:29:31+00:00","twitter_card":"summary_large_image","twitter_misc":{"Dur\u00e9e de lecture estim\u00e9e":"1 minute"},"schema":{"@context":"https:\/\/schema.org","@graph":[{"@type":"WebPage","@id":"https:\/\/unilazepil.fr\/?page_id=27","url":"https:\/\/unilazepil.fr\/?page_id=27","name":"- UNILAZ","isPartOf":{"@id":"https:\/\/unilazepil.fr\/#website"},"datePublished":"2025-09-11T07:27:12+00:00","dateModified":"2025-09-13T08:29:31+00:00","inLanguage":"fr-FR","potentialAction":[{"@type":"ReadAction","target":["https:\/\/unilazepil.fr\/?page_id=27"]}]},{"@type":"WebSite","@id":"https:\/\/unilazepil.fr\/#website","url":"https:\/\/unilazepil.fr\/","name":"Unilaz","description":"","publisher":{"@id":"https:\/\/unilazepil.fr\/#organization"},"potentialAction":[{"@type":"SearchAction","target":{"@type":"EntryPoint","urlTemplate":"https:\/\/unilazepil.fr\/?s={search_term_string}"},"query-input":{"@type":"PropertyValueSpecification","valueRequired":true,"valueName":"search_term_string"}}],"inLanguage":"fr-FR"},{"@type":"Organization","@id":"https:\/\/unilazepil.fr\/#organization","name":"Unilaz","url":"https:\/\/unilazepil.fr\/","logo":{"@type":"ImageObject","inLanguage":"fr-FR","@id":"https:\/\/unilazepil.fr\/#\/schema\/logo\/image\/","url":"https:\/\/unilazepil.fr\/wp-content\/uploads\/2025\/09\/Image.png","contentUrl":"https:\/\/unilazepil.fr\/wp-content\/uploads\/2025\/09\/Image.png","width":1024,"height":1024,"caption":"Unilaz"},"image":{"@id":"https:\/\/unilazepil.fr\/#\/schema\/logo\/image\/"}}]}},"_links":{"self":[{"href":"https:\/\/unilazepil.fr\/index.php?rest_route=\/wp\/v2\/pages\/27","targetHints":{"allow":["GET"]}}],"collection":[{"href":"https:\/\/unilazepil.fr\/index.php?rest_route=\/wp\/v2\/pages"}],"about":[{"href":"https:\/\/unilazepil.fr\/index.php?rest_route=\/wp\/v2\/types\/page"}],"author":[{"embeddable":true,"href":"https:\/\/unilazepil.fr\/index.php?rest_route=\/wp\/v2\/users\/1"}],"replies":[{"embeddable":true,"href":"https:\/\/unilazepil.fr\/index.php?rest_route=%2Fwp%2Fv2%2Fcomments&post=27"}],"version-history":[{"count":14,"href":"https:\/\/unilazepil.fr\/index.php?rest_route=\/wp\/v2\/pages\/27\/revisions"}],"predecessor-version":[{"id":101,"href":"https:\/\/unilazepil.fr\/index.php?rest_route=\/wp\/v2\/pages\/27\/revisions\/101"}],"wp:attachment":[{"href":"https:\/\/unilazepil.fr\/index.php?rest_route=%2Fwp%2Fv2%2Fmedia&parent=27"}],"curies":[{"name":"wp","href":"https:\/\/api.w.org\/{rel}","templated":true}]}}