{"id":16,"date":"2025-09-10T16:38:57","date_gmt":"2025-09-10T14:38:57","guid":{"rendered":"https:\/\/unilazepil.fr\/?page_id=16"},"modified":"2025-09-13T11:12:03","modified_gmt":"2025-09-13T09:12:03","slug":"accueil","status":"publish","type":"page","link":"https:\/\/unilazepil.fr\/","title":{"rendered":""},"content":{"rendered":"\n<p class=\"has-text-align-center\"><strong><em>Bienvenue chez Unilaz, votre centre d&rsquo;\u00e9pilation laser &amp; soins esth\u00e9tique \u00e0 vitry-sur-seine<\/em><\/strong><\/p>\n\n\n\n<div class=\"wp-block-buttons has-base-background-color has-background is-layout-flex wp-block-buttons-is-layout-flex\">\n<div class=\"wp-block-button is-style-fill\"><a class=\"wp-block-button__link has-base-color has-text-color has-background has-link-color has-text-align-center wp-element-button\" style=\"background-color:#c9a54c\">D\u00e9couvrez nos services<\/a><\/div>\n<\/div>\n","protected":false},"excerpt":{"rendered":"<p>Bienvenue chez Unilaz, votre centre d&rsquo;\u00e9pilation laser &amp; soins esth\u00e9tique \u00e0 vitry-sur-seine<\/p>\n","protected":false},"author":1,"featured_media":0,"parent":0,"menu_order":0,"comment_status":"closed","ping_status":"closed","template":"","meta":{"footnotes":""},"class_list":["post-16","page","type-page","status-publish","hentry"],"yoast_head":"<!-- This site is optimized with the Yoast SEO plugin v25.9 - https:\/\/yoast.com\/wordpress\/plugins\/seo\/ -->\n<title>- UNILAZ<\/title>\n<meta name=\"robots\" content=\"index, follow, max-snippet:-1, max-image-preview:large, max-video-preview:-1\" \/>\n<link rel=\"canonical\" href=\"https:\/\/unilazepil.fr\/\" \/>\n<meta property=\"og:locale\" content=\"fr_FR\" \/>\n<meta property=\"og:type\" content=\"article\" \/>\n<meta property=\"og:title\" content=\"- UNILAZ\" \/>\n<meta property=\"og:description\" content=\"Bienvenue chez Unilaz, votre centre d&rsquo;\u00e9pilation laser &amp; soins esth\u00e9tique \u00e0 vitry-sur-seine\" \/>\n<meta property=\"og:url\" content=\"https:\/\/unilazepil.fr\/\" \/>\n<meta property=\"og:site_name\" content=\"UNILAZ\" \/>\n<meta property=\"article:modified_time\" content=\"2025-09-13T09:12:03+00:00\" \/>\n<meta name=\"twitter:card\" content=\"summary_large_image\" \/>\n<meta name=\"twitter:label1\" content=\"Dur\u00e9e de lecture estim\u00e9e\" \/>\n\t<meta name=\"twitter:data1\" content=\"1 minute\" \/>\n<script type=\"application\/ld+json\" class=\"yoast-schema-graph\">{\"@context\":\"https:\/\/schema.org\",\"@graph\":[{\"@type\":\"WebPage\",\"@id\":\"https:\/\/unilazepil.fr\/\",\"url\":\"https:\/\/unilazepil.fr\/\",\"name\":\"- UNILAZ\",\"isPartOf\":{\"@id\":\"https:\/\/unilazepil.fr\/#website\"},\"datePublished\":\"2025-09-10T14:38:57+00:00\",\"dateModified\":\"2025-09-13T09:12:03+00:00\",\"inLanguage\":\"fr-FR\",\"potentialAction\":[{\"@type\":\"ReadAction\",\"target\":[\"https:\/\/unilazepil.fr\/\"]}]},{\"@type\":\"WebSite\",\"@id\":\"https:\/\/unilazepil.fr\/#website\",\"url\":\"https:\/\/unilazepil.fr\/\",\"name\":\"Unilaz\",\"description\":\"\",\"publisher\":{\"@id\":\"https:\/\/unilazepil.fr\/#organization\"},\"potentialAction\":[{\"@type\":\"SearchAction\",\"target\":{\"@type\":\"EntryPoint\",\"urlTemplate\":\"https:\/\/unilazepil.fr\/?s={search_term_string}\"},\"query-input\":{\"@type\":\"PropertyValueSpecification\",\"valueRequired\":true,\"valueName\":\"search_term_string\"}}],\"inLanguage\":\"fr-FR\"},{\"@type\":\"Organization\",\"@id\":\"https:\/\/unilazepil.fr\/#organization\",\"name\":\"Unilaz\",\"url\":\"https:\/\/unilazepil.fr\/\",\"logo\":{\"@type\":\"ImageObject\",\"inLanguage\":\"fr-FR\",\"@id\":\"https:\/\/unilazepil.fr\/#\/schema\/logo\/image\/\",\"url\":\"https:\/\/unilazepil.fr\/wp-content\/uploads\/2025\/09\/Image.png\",\"contentUrl\":\"https:\/\/unilazepil.fr\/wp-content\/uploads\/2025\/09\/Image.png\",\"width\":1024,\"height\":1024,\"caption\":\"Unilaz\"},\"image\":{\"@id\":\"https:\/\/unilazepil.fr\/#\/schema\/logo\/image\/\"}}]}<\/script>\n<!-- \/ Yoast SEO plugin. -->","yoast_head_json":{"title":"- UNILAZ","robots":{"index":"index","follow":"follow","max-snippet":"max-snippet:-1","max-image-preview":"max-image-preview:large","max-video-preview":"max-video-preview:-1"},"canonical":"https:\/\/unilazepil.fr\/","og_locale":"fr_FR","og_type":"article","og_title":"- UNILAZ","og_description":"Bienvenue chez Unilaz, votre centre d&rsquo;\u00e9pilation laser &amp; soins esth\u00e9tique \u00e0 vitry-sur-seine","og_url":"https:\/\/unilazepil.fr\/","og_site_name":"UNILAZ","article_modified_time":"2025-09-13T09:12:03+00:00","twitter_card":"summary_large_image","twitter_misc":{"Dur\u00e9e de lecture estim\u00e9e":"1 minute"},"schema":{"@context":"https:\/\/schema.org","@graph":[{"@type":"WebPage","@id":"https:\/\/unilazepil.fr\/","url":"https:\/\/unilazepil.fr\/","name":"- UNILAZ","isPartOf":{"@id":"https:\/\/unilazepil.fr\/#website"},"datePublished":"2025-09-10T14:38:57+00:00","dateModified":"2025-09-13T09:12:03+00:00","inLanguage":"fr-FR","potentialAction":[{"@type":"ReadAction","target":["https:\/\/unilazepil.fr\/"]}]},{"@type":"WebSite","@id":"https:\/\/unilazepil.fr\/#website","url":"https:\/\/unilazepil.fr\/","name":"Unilaz","description":"","publisher":{"@id":"https:\/\/unilazepil.fr\/#organization"},"potentialAction":[{"@type":"SearchAction","target":{"@type":"EntryPoint","urlTemplate":"https:\/\/unilazepil.fr\/?s={search_term_string}"},"query-input":{"@type":"PropertyValueSpecification","valueRequired":true,"valueName":"search_term_string"}}],"inLanguage":"fr-FR"},{"@type":"Organization","@id":"https:\/\/unilazepil.fr\/#organization","name":"Unilaz","url":"https:\/\/unilazepil.fr\/","logo":{"@type":"ImageObject","inLanguage":"fr-FR","@id":"https:\/\/unilazepil.fr\/#\/schema\/logo\/image\/","url":"https:\/\/unilazepil.fr\/wp-content\/uploads\/2025\/09\/Image.png","contentUrl":"https:\/\/unilazepil.fr\/wp-content\/uploads\/2025\/09\/Image.png","width":1024,"height":1024,"caption":"Unilaz"},"image":{"@id":"https:\/\/unilazepil.fr\/#\/schema\/logo\/image\/"}}]}},"_links":{"self":[{"href":"https:\/\/unilazepil.fr\/index.php?rest_route=\/wp\/v2\/pages\/16","targetHints":{"allow":["GET"]}}],"collection":[{"href":"https:\/\/unilazepil.fr\/index.php?rest_route=\/wp\/v2\/pages"}],"about":[{"href":"https:\/\/unilazepil.fr\/index.php?rest_route=\/wp\/v2\/types\/page"}],"author":[{"embeddable":true,"href":"https:\/\/unilazepil.fr\/index.php?rest_route=\/wp\/v2\/users\/1"}],"replies":[{"embeddable":true,"href":"https:\/\/unilazepil.fr\/index.php?rest_route=%2Fwp%2Fv2%2Fcomments&post=16"}],"version-history":[{"count":10,"href":"https:\/\/unilazepil.fr\/index.php?rest_route=\/wp\/v2\/pages\/16\/revisions"}],"predecessor-version":[{"id":103,"href":"https:\/\/unilazepil.fr\/index.php?rest_route=\/wp\/v2\/pages\/16\/revisions\/103"}],"wp:attachment":[{"href":"https:\/\/unilazepil.fr\/index.php?rest_route=%2Fwp%2Fv2%2Fmedia&parent=16"}],"curies":[{"name":"wp","href":"https:\/\/api.w.org\/{rel}","templated":true}]}}